{"id":25685,"date":"2025-04-20T08:01:08","date_gmt":"2025-04-20T07:01:08","guid":{"rendered":"https:\/\/www.balladine.cz\/?page_id=25685"},"modified":"2025-04-20T08:01:08","modified_gmt":"2025-04-20T07:01:08","slug":"workhsopy","status":"publish","type":"page","link":"https:\/\/new.balladine.cz\/index.php\/workhsopy\/","title":{"rendered":"WORKHSOPY"},"content":{"rendered":"\n<figure class=\"wp-block-image aligncenter size-large\"><a href=\"https:\/\/new.balladine.cz\/wp-content\/uploads\/2026\/01\/primestaky-plakat-2.pdf-7.png\"><img decoding=\"async\" src=\"https:\/\/new.balladine.cz\/wp-content\/uploads\/2026\/01\/primestaky-plakat-2.pdf-7-724x1024.png\" alt=\"\" class=\"wp-image-25788\"\/><\/a><\/figure>\n\n\n\n<figure class=\"wp-block-image aligncenter size-large\"><a href=\"https:\/\/new.balladine.cz\/wp-content\/uploads\/2025\/11\/primestaky-plakat-2.pdf-4.png\"><img decoding=\"async\" src=\"https:\/\/new.balladine.cz\/wp-content\/uploads\/2025\/11\/primestaky-plakat-2.pdf-4-724x1024.png\" alt=\"\" class=\"wp-image-25783\"\/><\/a><figcaption class=\"wp-element-caption\"><strong>Uplynul\u00e9<\/strong><\/figcaption><\/figure>\n\n\n\n<figure class=\"wp-block-gallery has-nested-images columns-default is-cropped wp-block-gallery-1 is-layout-flex wp-block-gallery-is-layout-flex\"><\/figure>\n\n\n\n<p class=\"has-text-align-center\"><a href=\"https:\/\/balladine.isportsystem.cz\"><strong>P\u0159ihl\u00e1\u0161en\u00ed na workshop zde.<\/strong><\/a><\/p>\n\n\n\n<figure class=\"wp-block-image aligncenter size-large\"><a href=\"https:\/\/new.balladine.cz\/wp-content\/uploads\/2025\/09\/primestaky-plakat-2.pdf-3.png\"><img decoding=\"async\" src=\"https:\/\/new.balladine.cz\/wp-content\/uploads\/2025\/09\/primestaky-plakat-2.pdf-3-724x1024.png\" alt=\"\" class=\"wp-image-25775\"\/><\/a><\/figure>\n\n\n\n<p class=\"has-text-align-center\">uplynul\u00e9<\/p>\n\n\n\n<figure class=\"wp-block-image aligncenter size-large\"><a href=\"https:\/\/new.balladine.cz\/wp-content\/uploads\/2025\/07\/primestaky-plakat-2.png\"><img decoding=\"async\" src=\"https:\/\/new.balladine.cz\/wp-content\/uploads\/2025\/07\/primestaky-plakat-2-724x1024.png\" alt=\"\" class=\"wp-image-25751\"\/><\/a><\/figure>\n\n\n\n<figure class=\"wp-block-image aligncenter size-large\"><a href=\"https:\/\/new.balladine.cz\/wp-content\/uploads\/2025\/06\/PLAKAT.png\"><img decoding=\"async\" src=\"https:\/\/new.balladine.cz\/wp-content\/uploads\/2025\/06\/PLAKAT-724x1024.png\" alt=\"\" class=\"wp-image-25742\"\/><\/a><\/figure>\n","protected":false},"excerpt":{"rendered":"<p>P\u0159ihl\u00e1\u0161en\u00ed na workshop zde. uplynul\u00e9<\/p>\n","protected":false},"author":1,"featured_media":0,"parent":0,"menu_order":0,"comment_status":"closed","ping_status":"closed","template":"","meta":{"_et_pb_use_builder":"","_et_pb_old_content":"","_et_gb_content_width":"","footnotes":""},"class_list":["post-25685","page","type-page","status-publish","hentry"],"_links":{"self":[{"href":"https:\/\/new.balladine.cz\/index.php\/wp-json\/wp\/v2\/pages\/25685","targetHints":{"allow":["GET"]}}],"collection":[{"href":"https:\/\/new.balladine.cz\/index.php\/wp-json\/wp\/v2\/pages"}],"about":[{"href":"https:\/\/new.balladine.cz\/index.php\/wp-json\/wp\/v2\/types\/page"}],"author":[{"embeddable":true,"href":"https:\/\/new.balladine.cz\/index.php\/wp-json\/wp\/v2\/users\/1"}],"replies":[{"embeddable":true,"href":"https:\/\/new.balladine.cz\/index.php\/wp-json\/wp\/v2\/comments?post=25685"}],"version-history":[{"count":0,"href":"https:\/\/new.balladine.cz\/index.php\/wp-json\/wp\/v2\/pages\/25685\/revisions"}],"wp:attachment":[{"href":"https:\/\/new.balladine.cz\/index.php\/wp-json\/wp\/v2\/media?parent=25685"}],"curies":[{"name":"wp","href":"https:\/\/api.w.org\/{rel}","templated":true}]}}