{"id":22085,"date":"2015-01-13T14:03:15","date_gmt":"2015-01-13T13:03:15","guid":{"rendered":"http:\/\/balladine.flexihost.cz\/?page_id=22085"},"modified":"2015-01-13T14:03:15","modified_gmt":"2015-01-13T13:03:15","slug":"nas-tym","status":"publish","type":"page","link":"https:\/\/new.balladine.cz\/index.php\/o-nas\/nas-tym\/","title":{"rendered":"NA\u0160E PROSTORY"},"content":{"rendered":"\n<p class=\"has-text-align-center\">Tane\u010dn\u00ed s\u00e1l, recepce a \u0161atna s lounge<\/p>\n\n\n\n<p class=\"has-text-align-center\">Tane\u010dn\u00ed s\u00e1l s kapacitu 14 osob<\/p>\n\n\n\n<figure class=\"wp-block-image aligncenter size-large\"><a href=\"https:\/\/new.balladine.cz\/wp-content\/uploads\/2025\/06\/6-1.jpg\"><img decoding=\"async\" src=\"https:\/\/new.balladine.cz\/wp-content\/uploads\/2025\/06\/6-1-819x1024.jpg\" alt=\"\" class=\"wp-image-25729\"\/><\/a><figcaption class=\"wp-element-caption\">tane\u010dn\u00ed s\u00e1l<\/figcaption><\/figure>\n\n\n\n<figure class=\"wp-block-image aligncenter size-large\"><a href=\"https:\/\/new.balladine.cz\/wp-content\/uploads\/2025\/06\/8-1.jpg\"><img decoding=\"async\" src=\"https:\/\/new.balladine.cz\/wp-content\/uploads\/2025\/06\/8-1-819x1024.jpg\" alt=\"\" class=\"wp-image-25730\"\/><\/a><figcaption class=\"wp-element-caption\">\u0161atna s lounge<\/figcaption><\/figure>\n","protected":false},"excerpt":{"rendered":"<p>Tane\u010dn\u00ed s\u00e1l, recepce a \u0161atna s lounge Tane\u010dn\u00ed s\u00e1l s kapacitu 14 osob<\/p>\n","protected":false},"author":1,"featured_media":0,"parent":23238,"menu_order":0,"comment_status":"open","ping_status":"closed","template":"","meta":{"_et_pb_use_builder":"","_et_pb_old_content":"","_et_gb_content_width":"","footnotes":""},"class_list":["post-22085","page","type-page","status-publish","hentry"],"_links":{"self":[{"href":"https:\/\/new.balladine.cz\/index.php\/wp-json\/wp\/v2\/pages\/22085","targetHints":{"allow":["GET"]}}],"collection":[{"href":"https:\/\/new.balladine.cz\/index.php\/wp-json\/wp\/v2\/pages"}],"about":[{"href":"https:\/\/new.balladine.cz\/index.php\/wp-json\/wp\/v2\/types\/page"}],"author":[{"embeddable":true,"href":"https:\/\/new.balladine.cz\/index.php\/wp-json\/wp\/v2\/users\/1"}],"replies":[{"embeddable":true,"href":"https:\/\/new.balladine.cz\/index.php\/wp-json\/wp\/v2\/comments?post=22085"}],"version-history":[{"count":0,"href":"https:\/\/new.balladine.cz\/index.php\/wp-json\/wp\/v2\/pages\/22085\/revisions"}],"up":[{"embeddable":true,"href":"https:\/\/new.balladine.cz\/index.php\/wp-json\/wp\/v2\/pages\/23238"}],"wp:attachment":[{"href":"https:\/\/new.balladine.cz\/index.php\/wp-json\/wp\/v2\/media?parent=22085"}],"curies":[{"name":"wp","href":"https:\/\/api.w.org\/{rel}","templated":true}]}}