{"id":21841,"date":"2015-01-11T22:31:44","date_gmt":"2015-01-11T21:31:44","guid":{"rendered":"http:\/\/balladine.flexihost.cz\/udalosti\/"},"modified":"2015-01-11T22:31:44","modified_gmt":"2015-01-11T21:31:44","slug":"rezervace-hodin","status":"publish","type":"page","link":"https:\/\/new.balladine.cz\/index.php\/rezervace-hodin\/","title":{"rendered":"ROZVRH"},"content":{"rendered":"\n<p class=\"has-text-align-center\">Rozvrh lekc\u00ed, kurz\u016f a workshop\u016f naleznete zde:<\/p>\n\n\n\n<p class=\"has-text-align-center\"><a href=\"https:\/\/balladine.isportsystem.cz\">https:\/\/balladine.isportsystem.cz<\/a><\/p>\n\n\n\n<div class=\"wp-block-buttons is-layout-flex wp-block-buttons-is-layout-flex\"><\/div>\n","protected":false},"excerpt":{"rendered":"<p>CONTENTS<\/p>\n","protected":false},"author":1,"featured_media":0,"parent":0,"menu_order":0,"comment_status":"open","ping_status":"closed","template":"","meta":{"_et_pb_use_builder":"","_et_pb_old_content":"","_et_gb_content_width":"","footnotes":""},"class_list":["post-21841","page","type-page","status-publish","hentry"],"_links":{"self":[{"href":"https:\/\/new.balladine.cz\/index.php\/wp-json\/wp\/v2\/pages\/21841","targetHints":{"allow":["GET"]}}],"collection":[{"href":"https:\/\/new.balladine.cz\/index.php\/wp-json\/wp\/v2\/pages"}],"about":[{"href":"https:\/\/new.balladine.cz\/index.php\/wp-json\/wp\/v2\/types\/page"}],"author":[{"embeddable":true,"href":"https:\/\/new.balladine.cz\/index.php\/wp-json\/wp\/v2\/users\/1"}],"replies":[{"embeddable":true,"href":"https:\/\/new.balladine.cz\/index.php\/wp-json\/wp\/v2\/comments?post=21841"}],"version-history":[{"count":0,"href":"https:\/\/new.balladine.cz\/index.php\/wp-json\/wp\/v2\/pages\/21841\/revisions"}],"wp:attachment":[{"href":"https:\/\/new.balladine.cz\/index.php\/wp-json\/wp\/v2\/media?parent=21841"}],"curies":[{"name":"wp","href":"https:\/\/api.w.org\/{rel}","templated":true}]}}