{"id":18918,"date":"2014-06-02T11:17:04","date_gmt":"2014-06-02T10:17:04","guid":{"rendered":"http:\/\/demo.select-themes.com\/stockholm11\/?page_id=18918"},"modified":"2014-06-02T11:17:04","modified_gmt":"2014-06-02T10:17:04","slug":"napistenam","status":"publish","type":"page","link":"https:\/\/new.balladine.cz\/index.php\/napistenam\/","title":{"rendered":"KONTAKTY"},"content":{"rendered":"\n<p>[vc_row row_type=&#8221;row&#8221; use_row_as_full_screen_section=&#8221;no&#8221; type=&#8221;grid&#8221; text_align=&#8221;left&#8221; background_animation=&#8221;none&#8221; css_animation=&#8221;&#8221;][vc_column][vc_empty_space height=&#8221;30px&#8221;][vc_text_separator title=&#8221;AHOJ BRNO !&#8221; border_color=&#8221;#d7d7d7&#8243;][vc_empty_space height=&#8221;30px&#8221;][\/vc_column][\/vc_row][vc_row row_type=&#8221;row&#8221; use_row_as_full_screen_section=&#8221;no&#8221; type=&#8221;grid&#8221; text_align=&#8221;left&#8221; background_color=&#8221;#ffffff&#8221; background_animation=&#8221;none&#8221; padding_top=&#8221;50&#8243; padding_bottom=&#8221;30&#8243;css_animation=&#8221;&#8221;][vc_column width=&#8221;1\/3&#8243;][icon_text box_type=&#8221;normal&#8221; icon_pack=&#8221;font_elegant&#8221; fe_icon=&#8221;icon_pin_alt&#8221; icon_type=&#8221;square&#8221; icon_position=&#8221;top&#8221; title=&#8221;ADRESA&#8221; text=&#8221;Dvo\u0159\u00e1kova 13, 2. patro, Brno (za Mahenov\u00fdm divadlem)&#8221; custom_icon_size=&#8221;25&#8243; text_left_padding=&#8221;90&#8243; icon_border_width=&#8221;1&#8243; icon_border_color=&#8221;#000000&#8243;][\/vc_column][vc_column width=&#8221;1\/3&#8243;][icon_text box_type=&#8221;normal&#8221; icon_pack=&#8221;font_elegant&#8221; fe_icon=&#8221;icon_mail_alt&#8221; icon_type=&#8221;square&#8221; icon_position=&#8221;top&#8221; title=&#8221;E-MAIL&#8221; text=&#8221;balladine@balladine.cz&#8221; custom_icon_size=&#8221;25&#8243; text_left_padding=&#8221;90&#8243; icon_border_width=&#8221;1&#8243; icon_border_color=&#8221;#000000&#8243;][\/vc_column][vc_column width=&#8221;1\/3&#8243;][icon_text box_type=&#8221;normal&#8221; icon_pack=&#8221;font_elegant&#8221; fe_icon=&#8221;icon_phone&#8221; icon_type=&#8221;square&#8221; icon_position=&#8221;top&#8221; title=&#8221;TELEFON&#8221; text=&#8221;+420 731 446 370&#8243; custom_icon_size=&#8221;25&#8243; text_left_padding=&#8221;90&#8243; icon_border_width=&#8221;1&#8243; icon_border_color=&#8221;#000000&#8243;][\/vc_column][\/vc_row][vc_row row_type=&#8221;row&#8221; use_row_as_full_screen_section=&#8221;no&#8221; type=&#8221;grid&#8221; text_align=&#8221;center&#8221; background_color=&#8221;#ffffff&#8221; background_animation=&#8221;none&#8221; padding_top=&#8221;50&#8243; padding_bottom=&#8221;30&#8243; css_animation=&#8221;&#8221;][vc_column width=&#8221;1\/3&#8243;][icon_text box_type=&#8221;normal&#8221; icon_pack=&#8221;font_elegant&#8221; fe_icon=&#8221;icon_like_alt&#8221; icon_type=&#8221;square&#8221; icon_position=&#8221;top&#8221; title=&#8221;FACEBOOK&#8221; text=&#8221;balladinedance&#8221; link=&#8221;https:\/\/www.facebook.com\/balladinedance\/&#8221; custom_icon_size=&#8221;25&#8243; text_left_padding=&#8221;90&#8243; icon_border_width=&#8221;1&#8243; icon_border_color=&#8221;#000000&#8243; link_text=&#8221;https:\/\/www.facebook.com\/balladinedance\/&#8221;][\/vc_column][vc_column width=&#8221;1\/3&#8243;][icon_text box_type=&#8221;normal&#8221; icon_pack=&#8221;font_elegant&#8221; fe_icon=&#8221;social_instagram&#8221; icon_type=&#8221;square&#8221; icon_position=&#8221;top&#8221; title=&#8221;INSTAGRAM&#8221; text=&#8221;balladinecz&#8221; link=&#8221;https:\/\/www.instagram.com\/balladinecz\/&#8221; custom_icon_size=&#8221;25&#8243; text_left_padding=&#8221;90&#8243; icon_border_width=&#8221;1&#8243; icon_border_color=&#8221;#000000&#8243; link_text=&#8221;https:\/\/www.instagram.com\/balladinecz\/&#8221;][\/vc_column][vc_column width=&#8221;1\/3&#8243;][icon_text box_type=&#8221;normal&#8221; icon_pack=&#8221;font_elegant&#8221; fe_icon=&#8221;social_youtube_square&#8221; icon_type=&#8221;square&#8221; icon_position=&#8221;top&#8221; title=&#8221;YOUTUBE&#8221; text=&#8221;Balladine &#8211; \u0161kola tance&#8221; link=&#8221;https:\/\/www.youtube.com\/channel\/UCSL90h2kFef7bKczbrj_HVg&#8221; custom_icon_size=&#8221;25&#8243; text_left_padding=&#8221;90&#8243; icon_border_width=&#8221;1&#8243; icon_border_color=&#8221;#000000&#8243; link_text=&#8221;https:\/\/www.youtube.com\/channel\/UCSL90h2kFef7bKczbrj_HVg&#8221;][\/vc_column][\/vc_row][vc_row row_type=&#8221;row&#8221; use_row_as_full_screen_section=&#8221;no&#8221; type=&#8221;full_width&#8221; text_align=&#8221;center&#8221; background_animation=&#8221;none&#8221; css_animation=&#8221;&#8221;][vc_column][vc_empty_space height=&#8221;50px&#8221;][vc_gallery type=&#8221;image_grid&#8221; images=&#8221;23499,23170,23771&#8243; onclick=&#8221;&#8221; column_number=&#8221;3&#8243; grayscale=&#8221;no&#8221; space_between_images=&#8221;no&#8221;][\/vc_column][\/vc_row]<\/p>\n","protected":false},"excerpt":{"rendered":"<p>[vc_row row_type=&#8221;row&#8221; use_row_as_full_screen_section=&#8221;no&#8221; type=&#8221;grid&#8221; text_align=&#8221;left&#8221; background_animation=&#8221;none&#8221; css_animation=&#8221;&#8221;][vc_column][vc_empty_space height=&#8221;30px&#8221;][vc_text_separator title=&#8221;AHOJ BRNO !&#8221; border_color=&#8221;#d7d7d7&#8243;][vc_empty_space height=&#8221;30px&#8221;][\/vc_column][\/vc_row][vc_row row_type=&#8221;row&#8221; use_row_as_full_screen_section=&#8221;no&#8221; type=&#8221;grid&#8221; text_align=&#8221;left&#8221; background_color=&#8221;#ffffff&#8221; background_animation=&#8221;none&#8221; padding_top=&#8221;50&#8243; padding_bottom=&#8221;30&#8243;css_animation=&#8221;&#8221;][vc_column width=&#8221;1\/3&#8243;][icon_text box_type=&#8221;normal&#8221; icon_pack=&#8221;font_elegant&#8221; fe_icon=&#8221;icon_pin_alt&#8221; icon_type=&#8221;square&#8221; icon_position=&#8221;top&#8221; title=&#8221;ADRESA&#8221; text=&#8221;Dvo\u0159\u00e1kova 13, 2. patro, Brno (za Mahenov\u00fdm divadlem)&#8221; custom_icon_size=&#8221;25&#8243; text_left_padding=&#8221;90&#8243; icon_border_width=&#8221;1&#8243; icon_border_color=&#8221;#000000&#8243;][\/vc_column][vc_column width=&#8221;1\/3&#8243;][icon_text box_type=&#8221;normal&#8221; icon_pack=&#8221;font_elegant&#8221; fe_icon=&#8221;icon_mail_alt&#8221; icon_type=&#8221;square&#8221; icon_position=&#8221;top&#8221; title=&#8221;E-MAIL&#8221; text=&#8221;balladine@balladine.cz&#8221; custom_icon_size=&#8221;25&#8243; text_left_padding=&#8221;90&#8243; icon_border_width=&#8221;1&#8243; icon_border_color=&#8221;#000000&#8243;][\/vc_column][vc_column width=&#8221;1\/3&#8243;][icon_text box_type=&#8221;normal&#8221; icon_pack=&#8221;font_elegant&#8221; [&hellip;]<\/p>\n","protected":false},"author":1,"featured_media":0,"parent":0,"menu_order":0,"comment_status":"open","ping_status":"closed","template":"contact-page.php","meta":{"_et_pb_use_builder":"","_et_pb_old_content":"","_et_gb_content_width":"","footnotes":""},"class_list":["post-18918","page","type-page","status-publish","hentry"],"_links":{"self":[{"href":"https:\/\/new.balladine.cz\/index.php\/wp-json\/wp\/v2\/pages\/18918","targetHints":{"allow":["GET"]}}],"collection":[{"href":"https:\/\/new.balladine.cz\/index.php\/wp-json\/wp\/v2\/pages"}],"about":[{"href":"https:\/\/new.balladine.cz\/index.php\/wp-json\/wp\/v2\/types\/page"}],"author":[{"embeddable":true,"href":"https:\/\/new.balladine.cz\/index.php\/wp-json\/wp\/v2\/users\/1"}],"replies":[{"embeddable":true,"href":"https:\/\/new.balladine.cz\/index.php\/wp-json\/wp\/v2\/comments?post=18918"}],"version-history":[{"count":0,"href":"https:\/\/new.balladine.cz\/index.php\/wp-json\/wp\/v2\/pages\/18918\/revisions"}],"wp:attachment":[{"href":"https:\/\/new.balladine.cz\/index.php\/wp-json\/wp\/v2\/media?parent=18918"}],"curies":[{"name":"wp","href":"https:\/\/api.w.org\/{rel}","templated":true}]}}