{"id":17,"date":"2011-12-15T20:36:03","date_gmt":"2011-12-15T19:36:03","guid":{"rendered":"http:\/\/balladine.flexihost.cz\/?page_id=17"},"modified":"2011-12-15T20:36:03","modified_gmt":"2011-12-15T19:36:03","slug":"cenik","status":"publish","type":"page","link":"https:\/\/new.balladine.cz\/index.php\/cenik\/","title":{"rendered":"CEN\u00cdK"},"content":{"rendered":"<h3 style=\"text-align: center;\">&nbsp;<\/h3>\n<h3 style=\"text-align: center;\"><span style=\"color: #000000;\"><strong>Aktu\u00e1ln\u00ed cen\u00edk kurz\u016f je platn\u00fd pro JARN\u00cd SEMESTR 2026.<\/strong><\/span><\/h3>\n<div class=\"wpb_wrapper\">\n<p style=\"text-align: center;\"><strong>Rozvrh<\/strong> najdete&nbsp;<a href=\"https:\/\/balladine.isportsystem.cz\">zde<\/a>.<\/p>\n<\/div>\n<h4 style=\"text-align: center;\">TANE\u010cN\u00cd PAUZY<\/h4>\n<p style=\"text-align: center;\">ST\u00c1TN\u00cd SV\u00c1TKY NETAN\u010c\u00cdME: 3.4., 6.4., 1.5. a 8.5. 2026<\/p>\n\n\n<figure class=\"wp-block-gallery aligncenter has-nested-images columns-default is-cropped wp-block-gallery-1 is-layout-flex wp-block-gallery-is-layout-flex\">\n<figure class=\"wp-block-image size-large\"><a href=\"https:\/\/new.balladine.cz\/wp-content\/uploads\/2026\/01\/cenik-2026.png\"><img decoding=\"async\" data-id=\"25792\" src=\"https:\/\/new.balladine.cz\/wp-content\/uploads\/2026\/01\/cenik-2026-819x1024.png\" alt=\"\" class=\"wp-image-25792\"\/><\/a><\/figure>\n<\/figure>\n\n\n\n<p><\/p>\n","protected":false},"excerpt":{"rendered":"<p>&nbsp; Aktu\u00e1ln\u00ed cen\u00edk kurz\u016f je platn\u00fd pro JARN\u00cd SEMESTR 2026. Rozvrh najdete&nbsp;zde. TANE\u010cN\u00cd PAUZY ST\u00c1TN\u00cd SV\u00c1TKY NETAN\u010c\u00cdME: 3.4., 6.4., 1.5. a 8.5. 2026<\/p>\n","protected":false},"author":1,"featured_media":0,"parent":0,"menu_order":7,"comment_status":"closed","ping_status":"closed","template":"","meta":{"_et_pb_use_builder":"","_et_pb_old_content":"","_et_gb_content_width":"","footnotes":""},"class_list":["post-17","page","type-page","status-publish","hentry"],"_links":{"self":[{"href":"https:\/\/new.balladine.cz\/index.php\/wp-json\/wp\/v2\/pages\/17","targetHints":{"allow":["GET"]}}],"collection":[{"href":"https:\/\/new.balladine.cz\/index.php\/wp-json\/wp\/v2\/pages"}],"about":[{"href":"https:\/\/new.balladine.cz\/index.php\/wp-json\/wp\/v2\/types\/page"}],"author":[{"embeddable":true,"href":"https:\/\/new.balladine.cz\/index.php\/wp-json\/wp\/v2\/users\/1"}],"replies":[{"embeddable":true,"href":"https:\/\/new.balladine.cz\/index.php\/wp-json\/wp\/v2\/comments?post=17"}],"version-history":[{"count":0,"href":"https:\/\/new.balladine.cz\/index.php\/wp-json\/wp\/v2\/pages\/17\/revisions"}],"wp:attachment":[{"href":"https:\/\/new.balladine.cz\/index.php\/wp-json\/wp\/v2\/media?parent=17"}],"curies":[{"name":"wp","href":"https:\/\/api.w.org\/{rel}","templated":true}]}}