{"id":13,"date":"2011-12-15T20:35:37","date_gmt":"2011-12-15T19:35:37","guid":{"rendered":"http:\/\/balladine.flexihost.cz\/?page_id=13"},"modified":"2011-12-15T20:35:37","modified_gmt":"2011-12-15T19:35:37","slug":"rozvrh","status":"publish","type":"page","link":"https:\/\/new.balladine.cz\/index.php\/rozvrh\/","title":{"rendered":"ROZVRH KURZ\u016e A LEKC\u00cd"},"content":{"rendered":"<p>[vc_row row_type=&#8221;row&#8221; use_row_as_full_screen_section=&#8221;no&#8221; type=&#8221;full_width&#8221; text_align=&#8221;left&#8221; background_animation=&#8221;none&#8221; css_animation=&#8221;&#8221;][vc_column][vc_empty_space height=&#8221;30px&#8221;][vc_text_separator title=&#8221;ROZVRHY KURZ\u016e&#8221;][vc_empty_space height=&#8221;50px&#8221;][vc_empty_space height=&#8221;30px&#8221;][vc_column_text]<\/p>\n<p style=\"text-align: center;\">&nbsp;<\/p>\n<p style=\"text-align: center;\"><strong><a href=\"https:\/\/balladine.isportsystem.cz\">Rozvrh a rezervace kurz\u016f a lekc\u00ed zde<\/a><\/strong><\/p>\n<p>&nbsp;<\/p>\n<p>&nbsp;<\/p>\n<p style=\"text-align: center;\"><strong>Do na\u0161ich kurz\u016f 2025\/2026 s&nbsp;m\u016f\u017eete&nbsp;st\u00e1le p\u0159idat!<\/strong><\/p>\n<p style=\"text-align: center;\"><span style=\"font-size: revert;\">[\/vc_column_text][vc_empty_space height=&#8221;30px&#8221;][vc_column_text]<\/span><\/p>\n<p>&nbsp;<\/p>\n","protected":false},"excerpt":{"rendered":"<p>[vc_row row_type=&#8221;row&#8221; use_row_as_full_screen_section=&#8221;no&#8221; type=&#8221;full_width&#8221; text_align=&#8221;left&#8221; background_animation=&#8221;none&#8221; css_animation=&#8221;&#8221;][vc_column][vc_empty_space height=&#8221;30px&#8221;][vc_text_separator title=&#8221;ROZVRHY KURZ\u016e&#8221;][vc_empty_space height=&#8221;50px&#8221;][vc_empty_space height=&#8221;30px&#8221;][vc_column_text] &nbsp; Rozvrh a rezervace kurz\u016f a lekc\u00ed zde &nbsp; &nbsp; Do na\u0161ich kurz\u016f 2025\/2026 s&nbsp;m\u016f\u017eete&nbsp;st\u00e1le p\u0159idat! [\/vc_column_text][vc_empty_space height=&#8221;30px&#8221;][vc_column_text] &nbsp;<\/p>\n","protected":false},"author":1,"featured_media":0,"parent":0,"menu_order":5,"comment_status":"closed","ping_status":"closed","template":"","meta":{"_et_pb_use_builder":"","_et_pb_old_content":"","_et_gb_content_width":"","footnotes":""},"class_list":["post-13","page","type-page","status-publish","hentry"],"_links":{"self":[{"href":"https:\/\/new.balladine.cz\/index.php\/wp-json\/wp\/v2\/pages\/13","targetHints":{"allow":["GET"]}}],"collection":[{"href":"https:\/\/new.balladine.cz\/index.php\/wp-json\/wp\/v2\/pages"}],"about":[{"href":"https:\/\/new.balladine.cz\/index.php\/wp-json\/wp\/v2\/types\/page"}],"author":[{"embeddable":true,"href":"https:\/\/new.balladine.cz\/index.php\/wp-json\/wp\/v2\/users\/1"}],"replies":[{"embeddable":true,"href":"https:\/\/new.balladine.cz\/index.php\/wp-json\/wp\/v2\/comments?post=13"}],"version-history":[{"count":0,"href":"https:\/\/new.balladine.cz\/index.php\/wp-json\/wp\/v2\/pages\/13\/revisions"}],"wp:attachment":[{"href":"https:\/\/new.balladine.cz\/index.php\/wp-json\/wp\/v2\/media?parent=13"}],"curies":[{"name":"wp","href":"https:\/\/api.w.org\/{rel}","templated":true}]}}